{"id":4510,"date":"2020-10-17T15:40:30","date_gmt":"2020-10-17T13:40:30","guid":{"rendered":"http:\/\/fotostudio-creativ.eu\/?page_id=4510"},"modified":"2020-10-17T15:40:30","modified_gmt":"2020-10-17T13:40:30","slug":"datenschutzerklaerung","status":"publish","type":"page","link":"https:\/\/fotostudio-creativ.eu\/fr\/datenschutzerklaerung\/","title":{"rendered":"d\u00e9claration de confidentialit\u00e9"},"content":{"rendered":"<p>Fotostudio Creativ est responsable du traitement des donn\u00e9es personnelles qui lui sont communiqu\u00e9es via le pr\u00e9sent formulaire de contact.<\/p>\n<p><strong>Finalit\u00e9 du traitement:<br \/>\n<\/strong>Les donn\u00e9es sont collect\u00e9es en vue de traiter la demande de la personne concern\u00e9e.<\/p>\n<p><strong>Transmission des donn\u00e9es \u00e0 des tiers:<br \/>\n<\/strong>Fotostudio Creativ ne communique pas les donn\u00e9es \u00e0 des tiers.<\/p>\n<p><strong>Dur\u00e9e de conservation:<br \/>\n<\/strong>Les donn\u00e9es sont d\u00e9truites une fois la r\u00e9ponse donn\u00e9e.<\/p>","protected":false},"excerpt":{"rendered":"<p>Fotostudio Creativ est responsable du traitement des donn\u00e9es personnelles qui lui sont communiqu\u00e9es via le pr\u00e9sent formulaire de contact. Finalit\u00e9 [&hellip;]<\/p>\n","protected":false},"author":1,"featured_media":0,"parent":0,"menu_order":0,"comment_status":"closed","ping_status":"closed","template":"","meta":{"footnotes":""},"class_list":["post-4510","page","type-page","status-publish","hentry"],"_links":{"self":[{"href":"https:\/\/fotostudio-creativ.eu\/fr\/wp-json\/wp\/v2\/pages\/4510"}],"collection":[{"href":"https:\/\/fotostudio-creativ.eu\/fr\/wp-json\/wp\/v2\/pages"}],"about":[{"href":"https:\/\/fotostudio-creativ.eu\/fr\/wp-json\/wp\/v2\/types\/page"}],"author":[{"embeddable":true,"href":"https:\/\/fotostudio-creativ.eu\/fr\/wp-json\/wp\/v2\/users\/1"}],"replies":[{"embeddable":true,"href":"https:\/\/fotostudio-creativ.eu\/fr\/wp-json\/wp\/v2\/comments?post=4510"}],"version-history":[{"count":1,"href":"https:\/\/fotostudio-creativ.eu\/fr\/wp-json\/wp\/v2\/pages\/4510\/revisions"}],"predecessor-version":[{"id":4511,"href":"https:\/\/fotostudio-creativ.eu\/fr\/wp-json\/wp\/v2\/pages\/4510\/revisions\/4511"}],"wp:attachment":[{"href":"https:\/\/fotostudio-creativ.eu\/fr\/wp-json\/wp\/v2\/media?parent=4510"}],"curies":[{"name":"wp","href":"https:\/\/api.w.org\/{rel}","templated":true}]}}