{"id":71,"date":"2015-03-16T15:15:44","date_gmt":"2015-03-16T14:15:44","guid":{"rendered":"http:\/\/fotostudio-creativ.sctrl.eu\/?page_id=71"},"modified":"2017-01-18T09:57:50","modified_gmt":"2017-01-18T08:57:50","slug":"impressum","status":"publish","type":"page","link":"https:\/\/fotostudio-creativ.eu\/fr\/impressum\/","title":{"rendered":"Mentions l\u00e9gales"},"content":{"rendered":"<p><\/p>\n<h3>Mentions l\u00e9gales<\/h3>\n<h4>\u00c8diteur<\/h4>\n<p>Fotostudio Creativ<br \/>\nMargret Friedrich<\/p>\n<p>35, rue des Remparts<br \/>\nL-6477 Echternach<br \/>\nLuxembourg<\/p>\n<p>T\u00e9l.: 00352\u00a072\u00a061\u00a090<br \/>\nEmail: <a href=\"mailto:mail@fotostudio-creativ.lu\">mail@fotostudio-creativ.lu<\/a><\/p>\n<p>Matricule TVA\u00a0: 19952403632<br \/>\nNod\u00edd. Intracomm.\u00a0: LU16327751<\/p>\n<h4>Indication de responsabilit\u00e9<\/h4>\n<p>L\u2019information contenue sur le pr\u00e9sent site a \u00e9t\u00e9 soigneusement revue et actualis\u00e9e. Or l\u00b4auteur ne peut nullement garantir l\u2019exactitude des informations qui y sont report\u00e9es. Toutes les informations pr\u00e9sent\u00e9es sont donn\u00e9es sans aucune garantie.<br \/>\nEn d\u00e9pit d\u2019un contr\u00f4le approfondi, l\u2019auteur ne peut voir sa responsabilit\u00e9 engag\u00e9e pour le contenu de liens externes. Les auteurs desdits sites sont seuls responsables de leur contenu.<\/p>\n<p>Les photographies, ainsi que tout autre \u00e9l\u00e9ment du pr\u00e9sent site, [y compris donn\u00e9es, informations, communications, contenus r\u00e9dactionnels, et en g\u00e9n\u00e9ral tout mat\u00e9riel s\u2019y trouvant] est prot\u00e9g\u00e9 aux termes de la l\u00e9gislation sur le droit de propri\u00e9t\u00e9 intellectuelle. Toute reproduction, meme partielle, ou distribution [par quelque proc\u00e9d\u00e9 que ce soit] sans accord pr\u00e9alable de l\u2019auteur est strictement prohib\u00e9e. Veuillez contacter Fotostudio Creativ pour toute reproduction \u00e9ventuelle.<\/p>","protected":false},"excerpt":{"rendered":"<p>Mentions l\u00e9gales \u00c8diteur Fotostudio Creativ Margret Friedrich 35, rue des Remparts L-6477 Echternach Luxembourg T\u00e9l.: 00352\u00a072\u00a061\u00a090 Email: mail@fotostudio-creativ.lu Matricule TVA\u00a0: [&hellip;]<\/p>\n","protected":false},"author":1,"featured_media":0,"parent":0,"menu_order":0,"comment_status":"closed","ping_status":"closed","template":"","meta":{"footnotes":""},"class_list":["post-71","page","type-page","status-publish","hentry"],"_links":{"self":[{"href":"https:\/\/fotostudio-creativ.eu\/fr\/wp-json\/wp\/v2\/pages\/71"}],"collection":[{"href":"https:\/\/fotostudio-creativ.eu\/fr\/wp-json\/wp\/v2\/pages"}],"about":[{"href":"https:\/\/fotostudio-creativ.eu\/fr\/wp-json\/wp\/v2\/types\/page"}],"author":[{"embeddable":true,"href":"https:\/\/fotostudio-creativ.eu\/fr\/wp-json\/wp\/v2\/users\/1"}],"replies":[{"embeddable":true,"href":"https:\/\/fotostudio-creativ.eu\/fr\/wp-json\/wp\/v2\/comments?post=71"}],"version-history":[{"count":7,"href":"https:\/\/fotostudio-creativ.eu\/fr\/wp-json\/wp\/v2\/pages\/71\/revisions"}],"predecessor-version":[{"id":1615,"href":"https:\/\/fotostudio-creativ.eu\/fr\/wp-json\/wp\/v2\/pages\/71\/revisions\/1615"}],"wp:attachment":[{"href":"https:\/\/fotostudio-creativ.eu\/fr\/wp-json\/wp\/v2\/media?parent=71"}],"curies":[{"name":"wp","href":"https:\/\/api.w.org\/{rel}","templated":true}]}}